{"id":106,"date":"2017-01-23T10:58:59","date_gmt":"2017-01-23T09:58:59","guid":{"rendered":"http:\/\/2n7gvayrkh.preview.infomaniak.website\/mpe\/de\/?page_id=106"},"modified":"2023-02-10T14:11:59","modified_gmt":"2023-02-10T13:11:59","slug":"spende","status":"publish","type":"page","link":"https:\/\/maison-petite-enfance.ch\/de\/spende\/","title":{"rendered":"Spenden"},"content":{"rendered":"<p><span id=\"result_box\" lang=\"de\">Die Association de la MPE ist ein gemeinn\u00fctziger Verein, Spenden k\u00f6nnen von den Steuern abgezogen werden.<\/span><\/p>\n\n\n<h4 class=\"wp-block-heading\"><strong>Danke f\u00fcr Ihre Unterst\u00fctzung<\/strong><\/h4>\n\n\n\n<div style=\"height:10px\" aria-hidden=\"true\" class=\"wp-block-spacer\"><\/div>\n\n\n\n<p><strong>MPE &#8211; Association Maison de la Petite Enfance<\/strong><br><strong style=\"font-size: revert; color: initial; font-family: -apple-system, BlinkMacSystemFont, 'Segoe UI', Roboto, Oxygen-Sans, Ubuntu, Cantarell, 'Helvetica Neue', sans-serif;\">IBAN : CH93 0076 8300 1627 5100 3<\/strong><\/p>\n\n\n\n<p><strong>Sie k\u00f6nnen auch den QR-Code scannen, um Ihre Spende zu t\u00e4tigen.<\/strong><\/p>\n\n\n\n<figure class=\"wp-block-image size-full is-resized\"><img loading=\"lazy\" decoding=\"async\" src=\"http:\/\/2n7gvayrkh.preview.infomaniak.website\/wp-content\/uploads\/2023\/02\/MPE_QR_code_uniquement.png\" alt=\"QR-CODE\" class=\"wp-image-432\" width=\"242\" height=\"241\" srcset=\"https:\/\/maison-petite-enfance.ch\/wp-content\/uploads\/2023\/02\/MPE_QR_code_uniquement.png 484w, https:\/\/maison-petite-enfance.ch\/wp-content\/uploads\/2023\/02\/MPE_QR_code_uniquement-300x298.png 300w, https:\/\/maison-petite-enfance.ch\/wp-content\/uploads\/2023\/02\/MPE_QR_code_uniquement-150x150.png 150w, https:\/\/maison-petite-enfance.ch\/wp-content\/uploads\/2023\/02\/MPE_QR_code_uniquement-125x125.png 125w\" sizes=\"auto, (max-width: 242px) 100vw, 242px\" \/><\/figure>\n\n\n\n<p><strong>Informationen f\u00fcr unsere Mitglieder zu den Beitr\u00e4gen :<\/strong><\/p>\n<p>individuell <strong>50.-<\/strong><br \/>kollektiv <strong>300.-<\/strong><\/p>\n","protected":false},"excerpt":{"rendered":"<p>Die Association de la MPE ist ein gemeinn\u00fctziger Verein, Spenden k\u00f6nnen von den Steuern abgezogen werden. Danke f\u00fcr Ihre Unterst\u00fctzung MPE &#8211; Association Maison de la Petite EnfanceIBAN : CH93 0076 8300 1627 5100 3 Sie k\u00f6nnen auch den QR-Code scannen, um Ihre Spende zu t\u00e4tigen. Informationen f\u00fcr unsere Mitglieder zu den Beitr\u00e4gen : individuell [&hellip;]<\/p>\n","protected":false},"author":1,"featured_media":0,"parent":0,"menu_order":0,"comment_status":"closed","ping_status":"closed","template":"","meta":{"_acf_changed":false,"_monsterinsights_skip_tracking":false,"_monsterinsights_sitenote_active":false,"_monsterinsights_sitenote_note":"","_monsterinsights_sitenote_category":0,"footnotes":""},"class_list":["post-106","page","type-page","status-publish","hentry"],"acf":[],"yoast_head":"<!-- This site is optimized with the Yoast SEO plugin v27.2 - https:\/\/yoast.com\/product\/yoast-seo-wordpress\/ -->\n<title>Spenden - La Maison de la Petite Enfance de Fribourg<\/title>\n<meta name=\"robots\" content=\"index, follow, max-snippet:-1, max-image-preview:large, max-video-preview:-1\" \/>\n<link rel=\"canonical\" href=\"https:\/\/maison-petite-enfance.ch\/de\/spende\/\" \/>\n<meta property=\"og:locale\" content=\"de_DE\" \/>\n<meta property=\"og:type\" content=\"article\" \/>\n<meta property=\"og:title\" content=\"Spenden - La Maison de la Petite Enfance de Fribourg\" \/>\n<meta property=\"og:description\" content=\"Die Association de la MPE ist ein gemeinn\u00fctziger Verein, Spenden k\u00f6nnen von den Steuern abgezogen werden. Danke f\u00fcr Ihre Unterst\u00fctzung MPE &#8211; Association Maison de la Petite EnfanceIBAN : CH93 0076 8300 1627 5100 3 Sie k\u00f6nnen auch den QR-Code scannen, um Ihre Spende zu t\u00e4tigen. Informationen f\u00fcr unsere Mitglieder zu den Beitr\u00e4gen : individuell [&hellip;]\" \/>\n<meta property=\"og:url\" content=\"https:\/\/maison-petite-enfance.ch\/de\/spende\/\" \/>\n<meta property=\"og:site_name\" content=\"La Maison de la Petite Enfance de Fribourg\" \/>\n<meta property=\"article:modified_time\" content=\"2023-02-10T13:11:59+00:00\" \/>\n<meta property=\"og:image\" content=\"http:\/\/2n7gvayrkh.preview.infomaniak.website\/wp-content\/uploads\/2023\/02\/MPE_QR_code_uniquement.png\" \/>\n<meta name=\"twitter:card\" content=\"summary_large_image\" \/>\n<meta name=\"twitter:label1\" content=\"Gesch\u00e4tzte Lesezeit\" \/>\n\t<meta name=\"twitter:data1\" content=\"1\u00a0Minute\" \/>\n<script type=\"application\/ld+json\" class=\"yoast-schema-graph\">{\"@context\":\"https:\/\/schema.org\",\"@graph\":[{\"@type\":\"WebPage\",\"@id\":\"https:\/\/maison-petite-enfance.ch\/de\/spende\/\",\"url\":\"https:\/\/maison-petite-enfance.ch\/de\/spende\/\",\"name\":\"Spenden - La Maison de la Petite Enfance de Fribourg\",\"isPartOf\":{\"@id\":\"https:\/\/maison-petite-enfance.ch\/de\/#website\"},\"primaryImageOfPage\":{\"@id\":\"https:\/\/maison-petite-enfance.ch\/de\/spende\/#primaryimage\"},\"image\":{\"@id\":\"https:\/\/maison-petite-enfance.ch\/de\/spende\/#primaryimage\"},\"thumbnailUrl\":\"http:\/\/2n7gvayrkh.preview.infomaniak.website\/wp-content\/uploads\/2023\/02\/MPE_QR_code_uniquement.png\",\"datePublished\":\"2017-01-23T09:58:59+00:00\",\"dateModified\":\"2023-02-10T13:11:59+00:00\",\"breadcrumb\":{\"@id\":\"https:\/\/maison-petite-enfance.ch\/de\/spende\/#breadcrumb\"},\"inLanguage\":\"de\",\"potentialAction\":[{\"@type\":\"ReadAction\",\"target\":[\"https:\/\/maison-petite-enfance.ch\/de\/spende\/\"]}]},{\"@type\":\"ImageObject\",\"inLanguage\":\"de\",\"@id\":\"https:\/\/maison-petite-enfance.ch\/de\/spende\/#primaryimage\",\"url\":\"http:\/\/2n7gvayrkh.preview.infomaniak.website\/wp-content\/uploads\/2023\/02\/MPE_QR_code_uniquement.png\",\"contentUrl\":\"http:\/\/2n7gvayrkh.preview.infomaniak.website\/wp-content\/uploads\/2023\/02\/MPE_QR_code_uniquement.png\"},{\"@type\":\"BreadcrumbList\",\"@id\":\"https:\/\/maison-petite-enfance.ch\/de\/spende\/#breadcrumb\",\"itemListElement\":[{\"@type\":\"ListItem\",\"position\":1,\"name\":\"Accueil\",\"item\":\"https:\/\/maison-petite-enfance.ch\/de\/\"},{\"@type\":\"ListItem\",\"position\":2,\"name\":\"Spenden\"}]},{\"@type\":\"WebSite\",\"@id\":\"https:\/\/maison-petite-enfance.ch\/de\/#website\",\"url\":\"https:\/\/maison-petite-enfance.ch\/de\/\",\"name\":\"La Maison de la Petite Enfance de Fribourg\",\"description\":\"Lieu d\u2019accueil pour les enfants de 0 \u00e0 4 ans avec leurs parents\",\"potentialAction\":[{\"@type\":\"SearchAction\",\"target\":{\"@type\":\"EntryPoint\",\"urlTemplate\":\"https:\/\/maison-petite-enfance.ch\/de\/?s={search_term_string}\"},\"query-input\":{\"@type\":\"PropertyValueSpecification\",\"valueRequired\":true,\"valueName\":\"search_term_string\"}}],\"inLanguage\":\"de\"}]}<\/script>\n<!-- \/ Yoast SEO plugin. -->","yoast_head_json":{"title":"Spenden - La Maison de la Petite Enfance de Fribourg","robots":{"index":"index","follow":"follow","max-snippet":"max-snippet:-1","max-image-preview":"max-image-preview:large","max-video-preview":"max-video-preview:-1"},"canonical":"https:\/\/maison-petite-enfance.ch\/de\/spende\/","og_locale":"de_DE","og_type":"article","og_title":"Spenden - La Maison de la Petite Enfance de Fribourg","og_description":"Die Association de la MPE ist ein gemeinn\u00fctziger Verein, Spenden k\u00f6nnen von den Steuern abgezogen werden. Danke f\u00fcr Ihre Unterst\u00fctzung MPE &#8211; Association Maison de la Petite EnfanceIBAN : CH93 0076 8300 1627 5100 3 Sie k\u00f6nnen auch den QR-Code scannen, um Ihre Spende zu t\u00e4tigen. Informationen f\u00fcr unsere Mitglieder zu den Beitr\u00e4gen : individuell [&hellip;]","og_url":"https:\/\/maison-petite-enfance.ch\/de\/spende\/","og_site_name":"La Maison de la Petite Enfance de Fribourg","article_modified_time":"2023-02-10T13:11:59+00:00","og_image":[{"url":"http:\/\/2n7gvayrkh.preview.infomaniak.website\/wp-content\/uploads\/2023\/02\/MPE_QR_code_uniquement.png","type":"","width":"","height":""}],"twitter_card":"summary_large_image","twitter_misc":{"Gesch\u00e4tzte Lesezeit":"1\u00a0Minute"},"schema":{"@context":"https:\/\/schema.org","@graph":[{"@type":"WebPage","@id":"https:\/\/maison-petite-enfance.ch\/de\/spende\/","url":"https:\/\/maison-petite-enfance.ch\/de\/spende\/","name":"Spenden - La Maison de la Petite Enfance de Fribourg","isPartOf":{"@id":"https:\/\/maison-petite-enfance.ch\/de\/#website"},"primaryImageOfPage":{"@id":"https:\/\/maison-petite-enfance.ch\/de\/spende\/#primaryimage"},"image":{"@id":"https:\/\/maison-petite-enfance.ch\/de\/spende\/#primaryimage"},"thumbnailUrl":"http:\/\/2n7gvayrkh.preview.infomaniak.website\/wp-content\/uploads\/2023\/02\/MPE_QR_code_uniquement.png","datePublished":"2017-01-23T09:58:59+00:00","dateModified":"2023-02-10T13:11:59+00:00","breadcrumb":{"@id":"https:\/\/maison-petite-enfance.ch\/de\/spende\/#breadcrumb"},"inLanguage":"de","potentialAction":[{"@type":"ReadAction","target":["https:\/\/maison-petite-enfance.ch\/de\/spende\/"]}]},{"@type":"ImageObject","inLanguage":"de","@id":"https:\/\/maison-petite-enfance.ch\/de\/spende\/#primaryimage","url":"http:\/\/2n7gvayrkh.preview.infomaniak.website\/wp-content\/uploads\/2023\/02\/MPE_QR_code_uniquement.png","contentUrl":"http:\/\/2n7gvayrkh.preview.infomaniak.website\/wp-content\/uploads\/2023\/02\/MPE_QR_code_uniquement.png"},{"@type":"BreadcrumbList","@id":"https:\/\/maison-petite-enfance.ch\/de\/spende\/#breadcrumb","itemListElement":[{"@type":"ListItem","position":1,"name":"Accueil","item":"https:\/\/maison-petite-enfance.ch\/de\/"},{"@type":"ListItem","position":2,"name":"Spenden"}]},{"@type":"WebSite","@id":"https:\/\/maison-petite-enfance.ch\/de\/#website","url":"https:\/\/maison-petite-enfance.ch\/de\/","name":"La Maison de la Petite Enfance de Fribourg","description":"Lieu d\u2019accueil pour les enfants de 0 \u00e0 4 ans avec leurs parents","potentialAction":[{"@type":"SearchAction","target":{"@type":"EntryPoint","urlTemplate":"https:\/\/maison-petite-enfance.ch\/de\/?s={search_term_string}"},"query-input":{"@type":"PropertyValueSpecification","valueRequired":true,"valueName":"search_term_string"}}],"inLanguage":"de"}]}},"_links":{"self":[{"href":"https:\/\/maison-petite-enfance.ch\/de\/wp-json\/wp\/v2\/pages\/106","targetHints":{"allow":["GET"]}}],"collection":[{"href":"https:\/\/maison-petite-enfance.ch\/de\/wp-json\/wp\/v2\/pages"}],"about":[{"href":"https:\/\/maison-petite-enfance.ch\/de\/wp-json\/wp\/v2\/types\/page"}],"author":[{"embeddable":true,"href":"https:\/\/maison-petite-enfance.ch\/de\/wp-json\/wp\/v2\/users\/1"}],"replies":[{"embeddable":true,"href":"https:\/\/maison-petite-enfance.ch\/de\/wp-json\/wp\/v2\/comments?post=106"}],"version-history":[{"count":3,"href":"https:\/\/maison-petite-enfance.ch\/de\/wp-json\/wp\/v2\/pages\/106\/revisions"}],"predecessor-version":[{"id":449,"href":"https:\/\/maison-petite-enfance.ch\/de\/wp-json\/wp\/v2\/pages\/106\/revisions\/449"}],"wp:attachment":[{"href":"https:\/\/maison-petite-enfance.ch\/de\/wp-json\/wp\/v2\/media?parent=106"}],"curies":[{"name":"wp","href":"https:\/\/api.w.org\/{rel}","templated":true}]}}