{"id":43,"date":"2017-01-20T14:36:57","date_gmt":"2017-01-20T13:36:57","guid":{"rendered":"http:\/\/2n7gvayrkh.preview.infomaniak.website\/mpe\/?page_id=43&#038;lang=de"},"modified":"2025-10-09T15:47:53","modified_gmt":"2025-10-09T13:47:53","slug":"empfang","status":"publish","type":"page","link":"https:\/\/maison-petite-enfance.ch\/de\/","title":{"rendered":"Empfang"},"content":{"rendered":"<p><strong>Die Kinder &#8211; Wer kommt zum Maison de la Petite Enfance (Kleinkindertreff)?<br \/>\n<\/strong><\/p>\n<p>Der Kleinkindertreff (MPE) in Freiburg steht allen Kindern von Geburt bis zum <strong>vollendeten<\/strong> 4. Jahr in Begleitung eines Elternteils, eines Grosselternteils, einer Tagesmutter oder\u00a0 anderer Erwachsener, welchen die Aufsicht des Kindes anvertraut wurde, offen. In diesem Raum zum Spielen begegnen die Kleinen Freunden, erleben einen Anfang von Selbstst\u00e4ndigkeit und Sozialisierung, machen sich mit anderen Personen vertraut und entdecken einige Regeln des Gruppenlebens in einem\u00a0 gesch\u00fctzten Rahmen.<br \/>\nDie Erwachsenen k\u00f6nnen andere Eltern kennenlernen, t\u00e4gliche Sorgen oder Gedanken austauschen, mit den Kindern spielen oder sich einen Moment ausruhen. Zwei Fachpersonen f\u00fcr Kleinkinder und Familien sind jeweils anwesend. Sie sind bereit zuzuh\u00f6ren und den Kindern wie auch den Eltern, die diese begleiten, Aufmerksamkeit zu schenken.<\/p>\n<p><strong>Das Empfangsteam<\/strong><\/p>\n<p>Unser Empfangsteam besteht aus ungef\u00e4hr zehn Frauen unterschiedlichen Alters, welche eine Ausbildung im Bereich der Kindheit und der menschlichen Beziehung genossen haben. Es befinden sich unter uns Sonderschullehrerlnnen, Psychologlnnen, Psychotherapeutlnnen, Spiel-Workshopleiterlnnen, Krankenschwestern, Tagesm\u00fctter, Hebammen usw.<br \/>\nUnser Konzept basiert auf den Grunds\u00e4tzen Fran\u00e7oise Dolto\u2019s und auf den Erfahrungen von Empfangsst\u00e4tten wie &#8222;das gr\u00fcne Haus&#8220; (La Maison Verte). Wir arbeiten mit einem Sinn f\u00fcr Gemeinschaft, haben regelm\u00e4ssige gemeinsame Sitzungen und Supervisionen (unter Aufsicht eines Spezialisten), welche uns die Vertiefung unserer Erfahrungen und Gedanken erm\u00f6glichen (und somit Qualit\u00e4t f\u00f6rdern).<\/p>\n<p><strong>Regeln und Ziele \u2013 wie funktioniert der Kleinkindertreff (MPE)?<\/strong><\/p>\n<p>Jedes Maison Verte ist autonom, respektiert aber die gleichen Grundregeln:<\/p>\n<ul>\n<li>Das Kind wird von einem Erwachsenen begleitet, der w\u00e4hrend des ganzen Besuchs anwesend ist und sich unter keinen Umst\u00e4nden entfernen darf<\/li>\n<li>Am Eingang werden auf der Tafel nur Vorname und Alter des Kindes und die Bezeichnung der Bezugsperson aufgeschrieben. Die Anonymit\u00e4t der Familien garantiert die Vertraulichkeit gegen innen und gegen aussen. Es wird kein Dossier gef\u00fchrt und keine Information an Drittpersonen gegeben<\/li>\n<li>Jede Person kann kommen wann sie will, ohne sich anzumelden, und kann auch so lange bleiben, wie sie m\u00f6chte. Es ist ein Ort, an dem keine Aktivit\u00e4t programmiert ist: man kann sich hinsetzen, lesen, plaudern, einen Kaffee trinken oder sich einfach ausruhen<\/li>\n<li>Eine finanzielle Beteiligung wird verlangt, aber die Eltern bestimmen selber wieviel<\/li>\n<li>Das Kind muss einige Regeln des Gemeinschaftslebens respektieren: die Fahrzeuge nur in dem daf\u00fcr vorgesehenen Raum benutzen, einen Kittel anziehen zum Spielen mit Wasser, sich zum Essen an den Tisch setzen<\/li>\n<\/ul>\n","protected":false},"excerpt":{"rendered":"<p>Die Kinder &#8211; Wer kommt zum Maison de la Petite Enfance (Kleinkindertreff)? Der Kleinkindertreff (MPE) in Freiburg steht allen Kindern von Geburt bis zum vollendeten 4. Jahr in Begleitung eines Elternteils, eines Grosselternteils, einer Tagesmutter oder\u00a0 anderer Erwachsener, welchen die Aufsicht des Kindes anvertraut wurde, offen. In diesem Raum zum Spielen begegnen die Kleinen Freunden, [&hellip;]<\/p>\n","protected":false},"author":1,"featured_media":0,"parent":0,"menu_order":0,"comment_status":"closed","ping_status":"open","template":"","meta":{"_acf_changed":false,"_monsterinsights_skip_tracking":false,"_monsterinsights_sitenote_active":false,"_monsterinsights_sitenote_note":"","_monsterinsights_sitenote_category":0,"footnotes":""},"class_list":["post-43","page","type-page","status-publish","hentry"],"acf":[],"yoast_head":"<!-- This site is optimized with the Yoast SEO plugin v27.2 - https:\/\/yoast.com\/product\/yoast-seo-wordpress\/ -->\n<title>Empfang - La Maison de la Petite Enfance de Fribourg<\/title>\n<meta name=\"robots\" content=\"index, follow, max-snippet:-1, max-image-preview:large, max-video-preview:-1\" \/>\n<link rel=\"canonical\" href=\"https:\/\/maison-petite-enfance.ch\/de\/\" \/>\n<meta property=\"og:locale\" content=\"de_DE\" \/>\n<meta property=\"og:type\" content=\"article\" \/>\n<meta property=\"og:title\" content=\"Empfang - La Maison de la Petite Enfance de Fribourg\" \/>\n<meta property=\"og:description\" content=\"Die Kinder &#8211; Wer kommt zum Maison de la Petite Enfance (Kleinkindertreff)? Der Kleinkindertreff (MPE) in Freiburg steht allen Kindern von Geburt bis zum vollendeten 4. Jahr in Begleitung eines Elternteils, eines Grosselternteils, einer Tagesmutter oder\u00a0 anderer Erwachsener, welchen die Aufsicht des Kindes anvertraut wurde, offen. In diesem Raum zum Spielen begegnen die Kleinen Freunden, [&hellip;]\" \/>\n<meta property=\"og:url\" content=\"https:\/\/maison-petite-enfance.ch\/de\/\" \/>\n<meta property=\"og:site_name\" content=\"La Maison de la Petite Enfance de Fribourg\" \/>\n<meta property=\"article:modified_time\" content=\"2025-10-09T13:47:53+00:00\" \/>\n<meta name=\"twitter:card\" content=\"summary_large_image\" \/>\n<meta name=\"twitter:label1\" content=\"Gesch\u00e4tzte Lesezeit\" \/>\n\t<meta name=\"twitter:data1\" content=\"2\u00a0Minuten\" \/>\n<script type=\"application\/ld+json\" class=\"yoast-schema-graph\">{\"@context\":\"https:\/\/schema.org\",\"@graph\":[{\"@type\":\"WebPage\",\"@id\":\"https:\/\/maison-petite-enfance.ch\/de\/\",\"url\":\"https:\/\/maison-petite-enfance.ch\/de\/\",\"name\":\"Empfang - La Maison de la Petite Enfance de Fribourg\",\"isPartOf\":{\"@id\":\"https:\/\/maison-petite-enfance.ch\/de\/#website\"},\"datePublished\":\"2017-01-20T13:36:57+00:00\",\"dateModified\":\"2025-10-09T13:47:53+00:00\",\"breadcrumb\":{\"@id\":\"https:\/\/maison-petite-enfance.ch\/de\/#breadcrumb\"},\"inLanguage\":\"de\",\"potentialAction\":[{\"@type\":\"ReadAction\",\"target\":[\"https:\/\/maison-petite-enfance.ch\/de\/\"]}]},{\"@type\":\"BreadcrumbList\",\"@id\":\"https:\/\/maison-petite-enfance.ch\/de\/#breadcrumb\",\"itemListElement\":[{\"@type\":\"ListItem\",\"position\":1,\"name\":\"Accueil\",\"item\":\"https:\/\/maison-petite-enfance.ch\/de\/\"},{\"@type\":\"ListItem\",\"position\":2,\"name\":\"Empfang\"}]},{\"@type\":\"WebSite\",\"@id\":\"https:\/\/maison-petite-enfance.ch\/de\/#website\",\"url\":\"https:\/\/maison-petite-enfance.ch\/de\/\",\"name\":\"La Maison de la Petite Enfance de Fribourg\",\"description\":\"Lieu d\u2019accueil pour les enfants de 0 \u00e0 4 ans avec leurs parents\",\"potentialAction\":[{\"@type\":\"SearchAction\",\"target\":{\"@type\":\"EntryPoint\",\"urlTemplate\":\"https:\/\/maison-petite-enfance.ch\/de\/?s={search_term_string}\"},\"query-input\":{\"@type\":\"PropertyValueSpecification\",\"valueRequired\":true,\"valueName\":\"search_term_string\"}}],\"inLanguage\":\"de\"}]}<\/script>\n<!-- \/ Yoast SEO plugin. -->","yoast_head_json":{"title":"Empfang - La Maison de la Petite Enfance de Fribourg","robots":{"index":"index","follow":"follow","max-snippet":"max-snippet:-1","max-image-preview":"max-image-preview:large","max-video-preview":"max-video-preview:-1"},"canonical":"https:\/\/maison-petite-enfance.ch\/de\/","og_locale":"de_DE","og_type":"article","og_title":"Empfang - La Maison de la Petite Enfance de Fribourg","og_description":"Die Kinder &#8211; Wer kommt zum Maison de la Petite Enfance (Kleinkindertreff)? Der Kleinkindertreff (MPE) in Freiburg steht allen Kindern von Geburt bis zum vollendeten 4. Jahr in Begleitung eines Elternteils, eines Grosselternteils, einer Tagesmutter oder\u00a0 anderer Erwachsener, welchen die Aufsicht des Kindes anvertraut wurde, offen. In diesem Raum zum Spielen begegnen die Kleinen Freunden, [&hellip;]","og_url":"https:\/\/maison-petite-enfance.ch\/de\/","og_site_name":"La Maison de la Petite Enfance de Fribourg","article_modified_time":"2025-10-09T13:47:53+00:00","twitter_card":"summary_large_image","twitter_misc":{"Gesch\u00e4tzte Lesezeit":"2\u00a0Minuten"},"schema":{"@context":"https:\/\/schema.org","@graph":[{"@type":"WebPage","@id":"https:\/\/maison-petite-enfance.ch\/de\/","url":"https:\/\/maison-petite-enfance.ch\/de\/","name":"Empfang - La Maison de la Petite Enfance de Fribourg","isPartOf":{"@id":"https:\/\/maison-petite-enfance.ch\/de\/#website"},"datePublished":"2017-01-20T13:36:57+00:00","dateModified":"2025-10-09T13:47:53+00:00","breadcrumb":{"@id":"https:\/\/maison-petite-enfance.ch\/de\/#breadcrumb"},"inLanguage":"de","potentialAction":[{"@type":"ReadAction","target":["https:\/\/maison-petite-enfance.ch\/de\/"]}]},{"@type":"BreadcrumbList","@id":"https:\/\/maison-petite-enfance.ch\/de\/#breadcrumb","itemListElement":[{"@type":"ListItem","position":1,"name":"Accueil","item":"https:\/\/maison-petite-enfance.ch\/de\/"},{"@type":"ListItem","position":2,"name":"Empfang"}]},{"@type":"WebSite","@id":"https:\/\/maison-petite-enfance.ch\/de\/#website","url":"https:\/\/maison-petite-enfance.ch\/de\/","name":"La Maison de la Petite Enfance de Fribourg","description":"Lieu d\u2019accueil pour les enfants de 0 \u00e0 4 ans avec leurs parents","potentialAction":[{"@type":"SearchAction","target":{"@type":"EntryPoint","urlTemplate":"https:\/\/maison-petite-enfance.ch\/de\/?s={search_term_string}"},"query-input":{"@type":"PropertyValueSpecification","valueRequired":true,"valueName":"search_term_string"}}],"inLanguage":"de"}]}},"_links":{"self":[{"href":"https:\/\/maison-petite-enfance.ch\/de\/wp-json\/wp\/v2\/pages\/43","targetHints":{"allow":["GET"]}}],"collection":[{"href":"https:\/\/maison-petite-enfance.ch\/de\/wp-json\/wp\/v2\/pages"}],"about":[{"href":"https:\/\/maison-petite-enfance.ch\/de\/wp-json\/wp\/v2\/types\/page"}],"author":[{"embeddable":true,"href":"https:\/\/maison-petite-enfance.ch\/de\/wp-json\/wp\/v2\/users\/1"}],"replies":[{"embeddable":true,"href":"https:\/\/maison-petite-enfance.ch\/de\/wp-json\/wp\/v2\/comments?post=43"}],"version-history":[{"count":5,"href":"https:\/\/maison-petite-enfance.ch\/de\/wp-json\/wp\/v2\/pages\/43\/revisions"}],"predecessor-version":[{"id":578,"href":"https:\/\/maison-petite-enfance.ch\/de\/wp-json\/wp\/v2\/pages\/43\/revisions\/578"}],"wp:attachment":[{"href":"https:\/\/maison-petite-enfance.ch\/de\/wp-json\/wp\/v2\/media?parent=43"}],"curies":[{"name":"wp","href":"https:\/\/api.w.org\/{rel}","templated":true}]}}