{"id":46,"date":"2017-01-20T14:48:34","date_gmt":"2017-01-20T13:48:34","guid":{"rendered":"http:\/\/2n7gvayrkh.preview.infomaniak.website\/mpe\/de\/?page_id=46"},"modified":"2017-03-03T15:05:05","modified_gmt":"2017-03-03T14:05:05","slug":"francoise-dolto","status":"publish","type":"page","link":"https:\/\/maison-petite-enfance.ch\/de\/francoise-dolto\/","title":{"rendered":"Fran\u00e7oise Dolto"},"content":{"rendered":"<p><strong>Das &#8222;gr\u00fcne Haus&#8220; von Fran\u00e7oise Dolto<\/strong><\/p>\n<p>Der Kleinkindertreff ist ein Ort, der Eltern und Kinder empf\u00e4ngt und sich am\u00a0 Konzept des &#8222;Maison Verte&#8220; (Gr\u00fcnes Haus) der Psychoanalytikerin Fran\u00e7oise Dolto und ihres Teams in Paris aus dem Jahre 1979 orientiert. Aus der Erfahrung als Kinder-Psychoanalytikerin\u00a0 sch\u00f6pfte Fran\u00e7oise Dolto das Konzept eines Ortes, an dem Kinder sowie Eltern empfangen werden, einem Ort, an dem sie ihre Zweifel oder ihr Leid ausdr\u00fccken k\u00f6nnen und somit St\u00f6rungen und Missverst\u00e4ndnisse vermieden oder aufgefangen werden k\u00f6nnen.<\/p>\n<blockquote><p>\u00abWichtig ist, dass das Kind in Sicherheit und so fr\u00fch wie m\u00f6glich autonom wird. Das Kind braucht das Gef\u00fchl, dass seine Entwicklung gemocht und best\u00e4tigt wird und es somit an Sicherheit gewinnt. Dadurch k\u00f6nnen die r\u00e4umliche Umgebung und seine pers\u00f6nliche Erfahrung mit Gleichaltrigen erkundet werden.\u00bb Fran\u00e7oise Dolto<\/p><\/blockquote>\n<p>Es ist ein Raum des Zuh\u00f6rens und der Worte, aber auch ein Ort der Begegnungen und der Entspannung in Gesellschaft anderer Kinder und Erwachsener. Heute bestehen Dutzende von Empfangsst\u00e4tten dieser Art in Frankreich und in diversen anderen L\u00e4ndern. In der franz\u00f6sischen Schweiz existieren momentan ca. 15 dieser St\u00e4tten, welche in den letzten zehn Jahren entstanden. Der Name &#8222;Maison Verte&#8220; steht weiterhin f\u00fcr die Empfangsst\u00e4tte in Paris.<\/p>\n","protected":false},"excerpt":{"rendered":"<p>Das &#8222;gr\u00fcne Haus&#8220; von Fran\u00e7oise Dolto Der Kleinkindertreff ist ein Ort, der Eltern und Kinder empf\u00e4ngt und sich am\u00a0 Konzept des &#8222;Maison Verte&#8220; (Gr\u00fcnes Haus) der Psychoanalytikerin Fran\u00e7oise Dolto und ihres Teams in Paris aus dem Jahre 1979 orientiert. Aus der Erfahrung als Kinder-Psychoanalytikerin\u00a0 sch\u00f6pfte Fran\u00e7oise Dolto das Konzept eines Ortes, an dem Kinder sowie [&hellip;]<\/p>\n","protected":false},"author":1,"featured_media":0,"parent":0,"menu_order":0,"comment_status":"closed","ping_status":"closed","template":"","meta":{"_acf_changed":false,"_monsterinsights_skip_tracking":false,"_monsterinsights_sitenote_active":false,"_monsterinsights_sitenote_note":"","_monsterinsights_sitenote_category":0,"footnotes":""},"class_list":["post-46","page","type-page","status-publish","hentry"],"acf":[],"yoast_head":"<!-- This site is optimized with the Yoast SEO plugin v27.2 - https:\/\/yoast.com\/product\/yoast-seo-wordpress\/ -->\n<title>Fran\u00e7oise Dolto - La Maison de la Petite Enfance de Fribourg<\/title>\n<meta name=\"robots\" content=\"index, follow, max-snippet:-1, max-image-preview:large, max-video-preview:-1\" \/>\n<link rel=\"canonical\" href=\"https:\/\/maison-petite-enfance.ch\/de\/francoise-dolto\/\" \/>\n<meta property=\"og:locale\" content=\"de_DE\" \/>\n<meta property=\"og:type\" content=\"article\" \/>\n<meta property=\"og:title\" content=\"Fran\u00e7oise Dolto - La Maison de la Petite Enfance de Fribourg\" \/>\n<meta property=\"og:description\" content=\"Das &#8222;gr\u00fcne Haus&#8220; von Fran\u00e7oise Dolto Der Kleinkindertreff ist ein Ort, der Eltern und Kinder empf\u00e4ngt und sich am\u00a0 Konzept des &#8222;Maison Verte&#8220; (Gr\u00fcnes Haus) der Psychoanalytikerin Fran\u00e7oise Dolto und ihres Teams in Paris aus dem Jahre 1979 orientiert. Aus der Erfahrung als Kinder-Psychoanalytikerin\u00a0 sch\u00f6pfte Fran\u00e7oise Dolto das Konzept eines Ortes, an dem Kinder sowie [&hellip;]\" \/>\n<meta property=\"og:url\" content=\"https:\/\/maison-petite-enfance.ch\/de\/francoise-dolto\/\" \/>\n<meta property=\"og:site_name\" content=\"La Maison de la Petite Enfance de Fribourg\" \/>\n<meta property=\"article:modified_time\" content=\"2017-03-03T14:05:05+00:00\" \/>\n<meta name=\"twitter:card\" content=\"summary_large_image\" \/>\n<meta name=\"twitter:label1\" content=\"Gesch\u00e4tzte Lesezeit\" \/>\n\t<meta name=\"twitter:data1\" content=\"1\u00a0Minute\" \/>\n<script type=\"application\/ld+json\" class=\"yoast-schema-graph\">{\"@context\":\"https:\/\/schema.org\",\"@graph\":[{\"@type\":\"WebPage\",\"@id\":\"https:\/\/maison-petite-enfance.ch\/de\/francoise-dolto\/\",\"url\":\"https:\/\/maison-petite-enfance.ch\/de\/francoise-dolto\/\",\"name\":\"Fran\u00e7oise Dolto - La Maison de la Petite Enfance de Fribourg\",\"isPartOf\":{\"@id\":\"https:\/\/maison-petite-enfance.ch\/de\/#website\"},\"datePublished\":\"2017-01-20T13:48:34+00:00\",\"dateModified\":\"2017-03-03T14:05:05+00:00\",\"breadcrumb\":{\"@id\":\"https:\/\/maison-petite-enfance.ch\/de\/francoise-dolto\/#breadcrumb\"},\"inLanguage\":\"de\",\"potentialAction\":[{\"@type\":\"ReadAction\",\"target\":[\"https:\/\/maison-petite-enfance.ch\/de\/francoise-dolto\/\"]}]},{\"@type\":\"BreadcrumbList\",\"@id\":\"https:\/\/maison-petite-enfance.ch\/de\/francoise-dolto\/#breadcrumb\",\"itemListElement\":[{\"@type\":\"ListItem\",\"position\":1,\"name\":\"Accueil\",\"item\":\"https:\/\/maison-petite-enfance.ch\/de\/\"},{\"@type\":\"ListItem\",\"position\":2,\"name\":\"Fran\u00e7oise Dolto\"}]},{\"@type\":\"WebSite\",\"@id\":\"https:\/\/maison-petite-enfance.ch\/de\/#website\",\"url\":\"https:\/\/maison-petite-enfance.ch\/de\/\",\"name\":\"La Maison de la Petite Enfance de Fribourg\",\"description\":\"Lieu d\u2019accueil pour les enfants de 0 \u00e0 4 ans avec leurs parents\",\"potentialAction\":[{\"@type\":\"SearchAction\",\"target\":{\"@type\":\"EntryPoint\",\"urlTemplate\":\"https:\/\/maison-petite-enfance.ch\/de\/?s={search_term_string}\"},\"query-input\":{\"@type\":\"PropertyValueSpecification\",\"valueRequired\":true,\"valueName\":\"search_term_string\"}}],\"inLanguage\":\"de\"}]}<\/script>\n<!-- \/ Yoast SEO plugin. -->","yoast_head_json":{"title":"Fran\u00e7oise Dolto - La Maison de la Petite Enfance de Fribourg","robots":{"index":"index","follow":"follow","max-snippet":"max-snippet:-1","max-image-preview":"max-image-preview:large","max-video-preview":"max-video-preview:-1"},"canonical":"https:\/\/maison-petite-enfance.ch\/de\/francoise-dolto\/","og_locale":"de_DE","og_type":"article","og_title":"Fran\u00e7oise Dolto - La Maison de la Petite Enfance de Fribourg","og_description":"Das &#8222;gr\u00fcne Haus&#8220; von Fran\u00e7oise Dolto Der Kleinkindertreff ist ein Ort, der Eltern und Kinder empf\u00e4ngt und sich am\u00a0 Konzept des &#8222;Maison Verte&#8220; (Gr\u00fcnes Haus) der Psychoanalytikerin Fran\u00e7oise Dolto und ihres Teams in Paris aus dem Jahre 1979 orientiert. Aus der Erfahrung als Kinder-Psychoanalytikerin\u00a0 sch\u00f6pfte Fran\u00e7oise Dolto das Konzept eines Ortes, an dem Kinder sowie [&hellip;]","og_url":"https:\/\/maison-petite-enfance.ch\/de\/francoise-dolto\/","og_site_name":"La Maison de la Petite Enfance de Fribourg","article_modified_time":"2017-03-03T14:05:05+00:00","twitter_card":"summary_large_image","twitter_misc":{"Gesch\u00e4tzte Lesezeit":"1\u00a0Minute"},"schema":{"@context":"https:\/\/schema.org","@graph":[{"@type":"WebPage","@id":"https:\/\/maison-petite-enfance.ch\/de\/francoise-dolto\/","url":"https:\/\/maison-petite-enfance.ch\/de\/francoise-dolto\/","name":"Fran\u00e7oise Dolto - La Maison de la Petite Enfance de Fribourg","isPartOf":{"@id":"https:\/\/maison-petite-enfance.ch\/de\/#website"},"datePublished":"2017-01-20T13:48:34+00:00","dateModified":"2017-03-03T14:05:05+00:00","breadcrumb":{"@id":"https:\/\/maison-petite-enfance.ch\/de\/francoise-dolto\/#breadcrumb"},"inLanguage":"de","potentialAction":[{"@type":"ReadAction","target":["https:\/\/maison-petite-enfance.ch\/de\/francoise-dolto\/"]}]},{"@type":"BreadcrumbList","@id":"https:\/\/maison-petite-enfance.ch\/de\/francoise-dolto\/#breadcrumb","itemListElement":[{"@type":"ListItem","position":1,"name":"Accueil","item":"https:\/\/maison-petite-enfance.ch\/de\/"},{"@type":"ListItem","position":2,"name":"Fran\u00e7oise Dolto"}]},{"@type":"WebSite","@id":"https:\/\/maison-petite-enfance.ch\/de\/#website","url":"https:\/\/maison-petite-enfance.ch\/de\/","name":"La Maison de la Petite Enfance de Fribourg","description":"Lieu d\u2019accueil pour les enfants de 0 \u00e0 4 ans avec leurs parents","potentialAction":[{"@type":"SearchAction","target":{"@type":"EntryPoint","urlTemplate":"https:\/\/maison-petite-enfance.ch\/de\/?s={search_term_string}"},"query-input":{"@type":"PropertyValueSpecification","valueRequired":true,"valueName":"search_term_string"}}],"inLanguage":"de"}]}},"_links":{"self":[{"href":"https:\/\/maison-petite-enfance.ch\/de\/wp-json\/wp\/v2\/pages\/46","targetHints":{"allow":["GET"]}}],"collection":[{"href":"https:\/\/maison-petite-enfance.ch\/de\/wp-json\/wp\/v2\/pages"}],"about":[{"href":"https:\/\/maison-petite-enfance.ch\/de\/wp-json\/wp\/v2\/types\/page"}],"author":[{"embeddable":true,"href":"https:\/\/maison-petite-enfance.ch\/de\/wp-json\/wp\/v2\/users\/1"}],"replies":[{"embeddable":true,"href":"https:\/\/maison-petite-enfance.ch\/de\/wp-json\/wp\/v2\/comments?post=46"}],"version-history":[{"count":0,"href":"https:\/\/maison-petite-enfance.ch\/de\/wp-json\/wp\/v2\/pages\/46\/revisions"}],"wp:attachment":[{"href":"https:\/\/maison-petite-enfance.ch\/de\/wp-json\/wp\/v2\/media?parent=46"}],"curies":[{"name":"wp","href":"https:\/\/api.w.org\/{rel}","templated":true}]}}