{"id":72,"date":"2017-01-23T10:14:04","date_gmt":"2017-01-23T09:14:04","guid":{"rendered":"http:\/\/2n7gvayrkh.preview.infomaniak.website\/mpe\/de\/?page_id=72"},"modified":"2017-03-03T15:59:49","modified_gmt":"2017-03-03T14:59:49","slug":"weblinks","status":"publish","type":"page","link":"https:\/\/maison-petite-enfance.ch\/de\/weblinks\/","title":{"rendered":"Weblinks"},"content":{"rendered":"<p><strong>Internetseite \u00fcber Fran\u00e7oise Dolto<\/strong><\/p>\n<p><a href=\"http:\/\/www.dolto.fr\" target=\"_blank\">www.dolto.fr<\/a> (Archiv Fran\u00e7oise Dolto)<\/p>\n<p>&nbsp;<\/p>\n<p><strong>Seiten \u00fcber einige &#8222;Maisons Vertes&#8220; in Frankreich<\/strong><\/p>\n<p><a href=\"http:\/\/www.maisonouverte.org\" target=\"_blank\">www.maisonouverte.org<\/a><br \/>\n<a href=\"http:\/\/farandoles.rouen.free.fr\" target=\"_blank\">farandoles.rouen.free.fr<\/a><\/p>\n<p>&nbsp;<\/p>\n<p><strong>Seiten mit Informationen f\u00fcr Eltern<\/strong><\/p>\n<p><a href=\"http:\/\/www.gfis.ch\" target=\"_blank\">www.gfis.ch<\/a><br \/>\n<a href=\"http:\/\/www.guidesocial.ch\" target=\"_blank\"> www.guidesocial.ch<\/a><br \/>\n<a href=\"http:\/\/www.parents.ch\" target=\"_blank\"> www.parents.ch<\/a><br \/>\n<a href=\"http:\/\/www.lafamily.ch\" target=\"_blank\">www.lafamily.ch<\/a> (der unverzichtbare Leitfaden der Familie der franz\u00f6sischen Schweiz. Organisiert von einer Gruppe von M\u00fcttern bietet lafamily.ch ein globales Informations-Netzwerk, welches an Familien mit Kindern gerichtet ist. In jeder Region behandelt eine Gruppe die Informationen, die sie erh\u00e4lt und stellt diese den Familien zur Verf\u00fcgung.)<\/p>\n","protected":false},"excerpt":{"rendered":"<p>Internetseite \u00fcber Fran\u00e7oise Dolto www.dolto.fr (Archiv Fran\u00e7oise Dolto) &nbsp; Seiten \u00fcber einige &#8222;Maisons Vertes&#8220; in Frankreich www.maisonouverte.org farandoles.rouen.free.fr &nbsp; Seiten mit Informationen f\u00fcr Eltern www.gfis.ch www.guidesocial.ch www.parents.ch www.lafamily.ch (der unverzichtbare Leitfaden der Familie der franz\u00f6sischen Schweiz. Organisiert von einer Gruppe von M\u00fcttern bietet lafamily.ch ein globales Informations-Netzwerk, welches an Familien mit Kindern gerichtet ist. In [&hellip;]<\/p>\n","protected":false},"author":1,"featured_media":0,"parent":0,"menu_order":0,"comment_status":"closed","ping_status":"closed","template":"","meta":{"_acf_changed":false,"_monsterinsights_skip_tracking":false,"_monsterinsights_sitenote_active":false,"_monsterinsights_sitenote_note":"","_monsterinsights_sitenote_category":0,"footnotes":""},"class_list":["post-72","page","type-page","status-publish","hentry"],"acf":[],"yoast_head":"<!-- This site is optimized with the Yoast SEO plugin v27.2 - https:\/\/yoast.com\/product\/yoast-seo-wordpress\/ -->\n<title>Weblinks - La Maison de la Petite Enfance de Fribourg<\/title>\n<meta name=\"robots\" content=\"index, follow, max-snippet:-1, max-image-preview:large, max-video-preview:-1\" \/>\n<link rel=\"canonical\" href=\"https:\/\/maison-petite-enfance.ch\/de\/weblinks\/\" \/>\n<meta property=\"og:locale\" content=\"de_DE\" \/>\n<meta property=\"og:type\" content=\"article\" \/>\n<meta property=\"og:title\" content=\"Weblinks - La Maison de la Petite Enfance de Fribourg\" \/>\n<meta property=\"og:description\" content=\"Internetseite \u00fcber Fran\u00e7oise Dolto www.dolto.fr (Archiv Fran\u00e7oise Dolto) &nbsp; Seiten \u00fcber einige &#8222;Maisons Vertes&#8220; in Frankreich www.maisonouverte.org farandoles.rouen.free.fr &nbsp; Seiten mit Informationen f\u00fcr Eltern www.gfis.ch www.guidesocial.ch www.parents.ch www.lafamily.ch (der unverzichtbare Leitfaden der Familie der franz\u00f6sischen Schweiz. Organisiert von einer Gruppe von M\u00fcttern bietet lafamily.ch ein globales Informations-Netzwerk, welches an Familien mit Kindern gerichtet ist. In [&hellip;]\" \/>\n<meta property=\"og:url\" content=\"https:\/\/maison-petite-enfance.ch\/de\/weblinks\/\" \/>\n<meta property=\"og:site_name\" content=\"La Maison de la Petite Enfance de Fribourg\" \/>\n<meta property=\"article:modified_time\" content=\"2017-03-03T14:59:49+00:00\" \/>\n<meta name=\"twitter:card\" content=\"summary_large_image\" \/>\n<script type=\"application\/ld+json\" class=\"yoast-schema-graph\">{\"@context\":\"https:\/\/schema.org\",\"@graph\":[{\"@type\":\"WebPage\",\"@id\":\"https:\/\/maison-petite-enfance.ch\/de\/weblinks\/\",\"url\":\"https:\/\/maison-petite-enfance.ch\/de\/weblinks\/\",\"name\":\"Weblinks - La Maison de la Petite Enfance de Fribourg\",\"isPartOf\":{\"@id\":\"https:\/\/maison-petite-enfance.ch\/de\/#website\"},\"datePublished\":\"2017-01-23T09:14:04+00:00\",\"dateModified\":\"2017-03-03T14:59:49+00:00\",\"breadcrumb\":{\"@id\":\"https:\/\/maison-petite-enfance.ch\/de\/weblinks\/#breadcrumb\"},\"inLanguage\":\"de\",\"potentialAction\":[{\"@type\":\"ReadAction\",\"target\":[\"https:\/\/maison-petite-enfance.ch\/de\/weblinks\/\"]}]},{\"@type\":\"BreadcrumbList\",\"@id\":\"https:\/\/maison-petite-enfance.ch\/de\/weblinks\/#breadcrumb\",\"itemListElement\":[{\"@type\":\"ListItem\",\"position\":1,\"name\":\"Accueil\",\"item\":\"https:\/\/maison-petite-enfance.ch\/de\/\"},{\"@type\":\"ListItem\",\"position\":2,\"name\":\"Weblinks\"}]},{\"@type\":\"WebSite\",\"@id\":\"https:\/\/maison-petite-enfance.ch\/de\/#website\",\"url\":\"https:\/\/maison-petite-enfance.ch\/de\/\",\"name\":\"La Maison de la Petite Enfance de Fribourg\",\"description\":\"Lieu d\u2019accueil pour les enfants de 0 \u00e0 4 ans avec leurs parents\",\"potentialAction\":[{\"@type\":\"SearchAction\",\"target\":{\"@type\":\"EntryPoint\",\"urlTemplate\":\"https:\/\/maison-petite-enfance.ch\/de\/?s={search_term_string}\"},\"query-input\":{\"@type\":\"PropertyValueSpecification\",\"valueRequired\":true,\"valueName\":\"search_term_string\"}}],\"inLanguage\":\"de\"}]}<\/script>\n<!-- \/ Yoast SEO plugin. -->","yoast_head_json":{"title":"Weblinks - La Maison de la Petite Enfance de Fribourg","robots":{"index":"index","follow":"follow","max-snippet":"max-snippet:-1","max-image-preview":"max-image-preview:large","max-video-preview":"max-video-preview:-1"},"canonical":"https:\/\/maison-petite-enfance.ch\/de\/weblinks\/","og_locale":"de_DE","og_type":"article","og_title":"Weblinks - La Maison de la Petite Enfance de Fribourg","og_description":"Internetseite \u00fcber Fran\u00e7oise Dolto www.dolto.fr (Archiv Fran\u00e7oise Dolto) &nbsp; Seiten \u00fcber einige &#8222;Maisons Vertes&#8220; in Frankreich www.maisonouverte.org farandoles.rouen.free.fr &nbsp; Seiten mit Informationen f\u00fcr Eltern www.gfis.ch www.guidesocial.ch www.parents.ch www.lafamily.ch (der unverzichtbare Leitfaden der Familie der franz\u00f6sischen Schweiz. Organisiert von einer Gruppe von M\u00fcttern bietet lafamily.ch ein globales Informations-Netzwerk, welches an Familien mit Kindern gerichtet ist. In [&hellip;]","og_url":"https:\/\/maison-petite-enfance.ch\/de\/weblinks\/","og_site_name":"La Maison de la Petite Enfance de Fribourg","article_modified_time":"2017-03-03T14:59:49+00:00","twitter_card":"summary_large_image","schema":{"@context":"https:\/\/schema.org","@graph":[{"@type":"WebPage","@id":"https:\/\/maison-petite-enfance.ch\/de\/weblinks\/","url":"https:\/\/maison-petite-enfance.ch\/de\/weblinks\/","name":"Weblinks - La Maison de la Petite Enfance de Fribourg","isPartOf":{"@id":"https:\/\/maison-petite-enfance.ch\/de\/#website"},"datePublished":"2017-01-23T09:14:04+00:00","dateModified":"2017-03-03T14:59:49+00:00","breadcrumb":{"@id":"https:\/\/maison-petite-enfance.ch\/de\/weblinks\/#breadcrumb"},"inLanguage":"de","potentialAction":[{"@type":"ReadAction","target":["https:\/\/maison-petite-enfance.ch\/de\/weblinks\/"]}]},{"@type":"BreadcrumbList","@id":"https:\/\/maison-petite-enfance.ch\/de\/weblinks\/#breadcrumb","itemListElement":[{"@type":"ListItem","position":1,"name":"Accueil","item":"https:\/\/maison-petite-enfance.ch\/de\/"},{"@type":"ListItem","position":2,"name":"Weblinks"}]},{"@type":"WebSite","@id":"https:\/\/maison-petite-enfance.ch\/de\/#website","url":"https:\/\/maison-petite-enfance.ch\/de\/","name":"La Maison de la Petite Enfance de Fribourg","description":"Lieu d\u2019accueil pour les enfants de 0 \u00e0 4 ans avec leurs parents","potentialAction":[{"@type":"SearchAction","target":{"@type":"EntryPoint","urlTemplate":"https:\/\/maison-petite-enfance.ch\/de\/?s={search_term_string}"},"query-input":{"@type":"PropertyValueSpecification","valueRequired":true,"valueName":"search_term_string"}}],"inLanguage":"de"}]}},"_links":{"self":[{"href":"https:\/\/maison-petite-enfance.ch\/de\/wp-json\/wp\/v2\/pages\/72","targetHints":{"allow":["GET"]}}],"collection":[{"href":"https:\/\/maison-petite-enfance.ch\/de\/wp-json\/wp\/v2\/pages"}],"about":[{"href":"https:\/\/maison-petite-enfance.ch\/de\/wp-json\/wp\/v2\/types\/page"}],"author":[{"embeddable":true,"href":"https:\/\/maison-petite-enfance.ch\/de\/wp-json\/wp\/v2\/users\/1"}],"replies":[{"embeddable":true,"href":"https:\/\/maison-petite-enfance.ch\/de\/wp-json\/wp\/v2\/comments?post=72"}],"version-history":[{"count":0,"href":"https:\/\/maison-petite-enfance.ch\/de\/wp-json\/wp\/v2\/pages\/72\/revisions"}],"wp:attachment":[{"href":"https:\/\/maison-petite-enfance.ch\/de\/wp-json\/wp\/v2\/media?parent=72"}],"curies":[{"name":"wp","href":"https:\/\/api.w.org\/{rel}","templated":true}]}}